{"id":666,"date":"2019-09-10T14:12:37","date_gmt":"2019-09-10T14:12:37","guid":{"rendered":"https:\/\/professionalsurfcoaching.pt\/contacts\/"},"modified":"2022-11-07T15:05:37","modified_gmt":"2022-11-07T15:05:37","slug":"contacts","status":"publish","type":"page","link":"https:\/\/professionalsurfcoaching.pt\/en\/contacts\/","title":{"rendered":"Contacts"},"content":{"rendered":"\n<div class=\"is-layout-flex wp-container-3 wp-block-columns has-2-columns\">\n<div class=\"is-layout-flow wp-block-column\">\n<p>Jo\u00e3o Curado &#8211; +351 916 274 574<br\/>Jo\u00e3o Gale\u00e3o &#8211; +351 918 451 796<\/p>\n<\/div>\n\n\n\n<div class=\"is-layout-flow wp-block-column\">\n<p>info@professionalsurfcoaching.pt<br\/>Surfoz SurfShop &#8211; Rua Her\u00f3is da Grande Guerra n\u00b014 A, 2500-216 Caldas da Rainha<\/p>\n<\/div>\n<\/div>\n\n<p style=\"text-align:center\">Leave us your message below, we promise to respond quickly!<\/p>\n\n<div class=\"wpcf7 no-js\" id=\"wpcf7-f40-o1\" lang=\"pt-PT\" dir=\"ltr\">\n<div class=\"screen-reader-response\"><p role=\"status\" aria-live=\"polite\" aria-atomic=\"true\"><\/p> <ul><\/ul><\/div>\n<form action=\"\/en\/wp-json\/wp\/v2\/pages\/666#wpcf7-f40-o1\" method=\"post\" class=\"wpcf7-form init\" aria-label=\"Contact form\" novalidate=\"novalidate\" data-status=\"init\">\n<div style=\"display: none;\">\n<input type=\"hidden\" name=\"_wpcf7\" value=\"40\" \/>\n<input type=\"hidden\" name=\"_wpcf7_version\" value=\"5.7.5.1\" \/>\n<input type=\"hidden\" name=\"_wpcf7_locale\" value=\"pt_PT\" \/>\n<input type=\"hidden\" name=\"_wpcf7_unit_tag\" value=\"wpcf7-f40-o1\" \/>\n<input type=\"hidden\" name=\"_wpcf7_container_post\" value=\"0\" \/>\n<input type=\"hidden\" name=\"_wpcf7_posted_data_hash\" value=\"\" \/>\n<\/div>\n<div class=\"form-group your-name\"><label class=\"\">Nome <span class=\"required\">*<\/span><\/label><input class=\"wpcf7-form-control wpcf7-text wpcf7-validates-as-required form-control\" name=\"your-name\" type=\"text\" value=\"\" aria-invalid=\"false\" aria-required=\"true\" required><\/div>\n<div class=\"form-group your-email\"><label class=\"\">Email <span class=\"required\">*<\/span><\/label><input class=\"wpcf7-form-control wpcf7-text wpcf7-email wpcf7-validates-as-required wpcf7-validates-as-email form-control\" name=\"your-email\" type=\"email\" value=\"\" aria-invalid=\"false\" aria-required=\"true\" required><\/div>\n<div class=\"form-group tel-547\"><label class=\"\">Tel <span class=\"required\">*<\/span><\/label><input class=\"wpcf7-form-control wpcf7-text wpcf7-tel wpcf7-validates-as-required wpcf7-validates-as-tel form-control\" name=\"tel-547\" type=\"tel\" value=\"\" aria-invalid=\"false\" aria-required=\"true\" required><\/div>\n<div class=\"form-group your-subject\"><label class=\"\">Assunto<\/label><input class=\"wpcf7-form-control wpcf7-text form-control\" name=\"your-subject\" type=\"text\" value=\"\" aria-invalid=\"false\"><\/div>\n<div class=\"form-group your-message\"><label class=\"\">Menssagem<\/label><textarea class=\"wpcf7-form-control wpcf7-textarea form-control\" name=\"your-message\" rows=\"4\" aria-invalid=\"false\"><\/textarea><\/div>\n<div class=\"form-group wpcf7-form-control wpcf7-checkbox opt-in\"><div class=\"checkbox wpcf7-form-control wpcf7-checkbox opt-in\"><label ><input name=\"opt-in\" type=\"checkbox\" value=\"Quero receber novidades e treinos gratuitos no meu e-mail\" aria-invalid=\"false\">Quero receber novidades e treinos gratuitos no meu e-mail<\/label><\/div><\/div>\n<div class=\"form-group\"><div><input class=\"wpcf7-form-control wpcf7-submit btn btn-primary\" type=\"submit\" value=\"Enviar\"><\/div><\/div><div class=\"wpcf7-response-output alert alert-warning\"><\/div>\n<\/form>\n<\/div>\n\n","protected":false},"excerpt":{"rendered":"<p>Jo\u00e3o Curado &#8211; +351 916 274 574Jo\u00e3o Gale\u00e3o &#8211; +351 918 451 796 info@professionalsurfcoaching.ptSurfoz SurfShop &#8211; Rua Her\u00f3is da Grande Guerra n\u00b014 A, 2500-216 Caldas da Rainha Leave us your message below, we promise to respond quickly!<\/p>\n","protected":false},"author":1,"featured_media":0,"parent":0,"menu_order":0,"comment_status":"closed","ping_status":"closed","template":"","meta":[],"yoast_head":"<!-- This site is optimized with the Yoast SEO plugin v20.4 - https:\/\/yoast.com\/wordpress\/plugins\/seo\/ -->\n<title>Contacts - Professional Surf Coaching<\/title>\n<meta name=\"robots\" content=\"index, follow, max-snippet:-1, max-image-preview:large, max-video-preview:-1\" \/>\n<link rel=\"canonical\" href=\"https:\/\/professionalsurfcoaching.pt\/contacts\/?lang=en\" \/>\n<meta property=\"og:locale\" content=\"en_US\" \/>\n<meta property=\"og:type\" content=\"article\" \/>\n<meta property=\"og:title\" content=\"Contacts - Professional Surf Coaching\" \/>\n<meta property=\"og:description\" content=\"Jo\u00e3o Curado &#8211; +351 916 274 574Jo\u00e3o Gale\u00e3o &#8211; +351 918 451 796 info@professionalsurfcoaching.ptSurfoz SurfShop &#8211; Rua Her\u00f3is da Grande Guerra n\u00b014 A, 2500-216 Caldas da Rainha Leave us your message below, we promise to respond quickly!\" \/>\n<meta property=\"og:url\" content=\"https:\/\/professionalsurfcoaching.pt\/contacts\/?lang=en\" \/>\n<meta property=\"og:site_name\" content=\"Professional Surf Coaching\" \/>\n<meta property=\"article:publisher\" content=\"https:\/\/www.facebook.com\/professionalsurfcoaching\/\" \/>\n<meta property=\"article:modified_time\" content=\"2022-11-07T15:05:37+00:00\" \/>\n<meta property=\"og:image\" content=\"https:\/\/professionalsurfcoaching.pt\/wp-content\/uploads\/2019\/11\/58379729_639880946436883_8146308330529226752_o.jpg\" \/>\n\t<meta property=\"og:image:width\" content=\"2048\" \/>\n\t<meta property=\"og:image:height\" content=\"1365\" \/>\n\t<meta property=\"og:image:type\" content=\"image\/jpeg\" \/>\n<meta name=\"twitter:card\" content=\"summary_large_image\" \/>\n<script type=\"application\/ld+json\" class=\"yoast-schema-graph\">{\"@context\":\"https:\/\/schema.org\",\"@graph\":[{\"@type\":\"WebPage\",\"@id\":\"https:\/\/professionalsurfcoaching.pt\/contacts\/?lang=en\",\"url\":\"https:\/\/professionalsurfcoaching.pt\/contacts\/?lang=en\",\"name\":\"Contacts - Professional Surf Coaching\",\"isPartOf\":{\"@id\":\"https:\/\/professionalsurfcoaching.pt\/#website\"},\"datePublished\":\"2019-09-10T14:12:37+00:00\",\"dateModified\":\"2022-11-07T15:05:37+00:00\",\"breadcrumb\":{\"@id\":\"https:\/\/professionalsurfcoaching.pt\/contacts\/?lang=en#breadcrumb\"},\"inLanguage\":\"en-US\",\"potentialAction\":[{\"@type\":\"ReadAction\",\"target\":[\"https:\/\/professionalsurfcoaching.pt\/contacts\/?lang=en\"]}]},{\"@type\":\"BreadcrumbList\",\"@id\":\"https:\/\/professionalsurfcoaching.pt\/contacts\/?lang=en#breadcrumb\",\"itemListElement\":[{\"@type\":\"ListItem\",\"position\":1,\"name\":\"beginning\",\"item\":\"https:\/\/professionalsurfcoaching.pt\/\"},{\"@type\":\"ListItem\",\"position\":2,\"name\":\"Contacts\"}]},{\"@type\":\"WebSite\",\"@id\":\"https:\/\/professionalsurfcoaching.pt\/#website\",\"url\":\"https:\/\/professionalsurfcoaching.pt\/\",\"name\":\"Professional Surf Coaching\",\"description\":\"Peniche - Nazar\u00e9 - Portugal\",\"publisher\":{\"@id\":\"https:\/\/professionalsurfcoaching.pt\/#organization\"},\"potentialAction\":[{\"@type\":\"SearchAction\",\"target\":{\"@type\":\"EntryPoint\",\"urlTemplate\":\"https:\/\/professionalsurfcoaching.pt\/?s={search_term_string}\"},\"query-input\":\"required name=search_term_string\"}],\"inLanguage\":\"en-US\"},{\"@type\":\"Organization\",\"@id\":\"https:\/\/professionalsurfcoaching.pt\/#organization\",\"name\":\"Surf Coaching - Peniche Nazare - Portugal\",\"url\":\"https:\/\/professionalsurfcoaching.pt\/\",\"logo\":{\"@type\":\"ImageObject\",\"inLanguage\":\"en-US\",\"@id\":\"https:\/\/professionalsurfcoaching.pt\/#\/schema\/logo\/image\/\",\"url\":\"https:\/\/professionalsurfcoaching.pt\/wp-content\/uploads\/2019\/09\/logopsc.png\",\"contentUrl\":\"https:\/\/professionalsurfcoaching.pt\/wp-content\/uploads\/2019\/09\/logopsc.png\",\"width\":76,\"height\":50,\"caption\":\"Surf Coaching - Peniche Nazare - Portugal\"},\"image\":{\"@id\":\"https:\/\/professionalsurfcoaching.pt\/#\/schema\/logo\/image\/\"},\"sameAs\":[\"https:\/\/www.facebook.com\/professionalsurfcoaching\/\",\"https:\/\/www.youtube.com\/channel\/UCw4T_U7qDwR4moITU2VKhMA\"]}]}<\/script>\n<!-- \/ Yoast SEO plugin. -->","yoast_head_json":{"title":"Contacts - Professional Surf Coaching","robots":{"index":"index","follow":"follow","max-snippet":"max-snippet:-1","max-image-preview":"max-image-preview:large","max-video-preview":"max-video-preview:-1"},"canonical":"https:\/\/professionalsurfcoaching.pt\/contacts\/?lang=en","og_locale":"en_US","og_type":"article","og_title":"Contacts - Professional Surf Coaching","og_description":"Jo\u00e3o Curado &#8211; +351 916 274 574Jo\u00e3o Gale\u00e3o &#8211; +351 918 451 796 info@professionalsurfcoaching.ptSurfoz SurfShop &#8211; Rua Her\u00f3is da Grande Guerra n\u00b014 A, 2500-216 Caldas da Rainha Leave us your message below, we promise to respond quickly!","og_url":"https:\/\/professionalsurfcoaching.pt\/contacts\/?lang=en","og_site_name":"Professional Surf Coaching","article_publisher":"https:\/\/www.facebook.com\/professionalsurfcoaching\/","article_modified_time":"2022-11-07T15:05:37+00:00","og_image":[{"width":2048,"height":1365,"url":"https:\/\/professionalsurfcoaching.pt\/wp-content\/uploads\/2019\/11\/58379729_639880946436883_8146308330529226752_o.jpg","type":"image\/jpeg"}],"twitter_card":"summary_large_image","schema":{"@context":"https:\/\/schema.org","@graph":[{"@type":"WebPage","@id":"https:\/\/professionalsurfcoaching.pt\/contacts\/?lang=en","url":"https:\/\/professionalsurfcoaching.pt\/contacts\/?lang=en","name":"Contacts - Professional Surf Coaching","isPartOf":{"@id":"https:\/\/professionalsurfcoaching.pt\/#website"},"datePublished":"2019-09-10T14:12:37+00:00","dateModified":"2022-11-07T15:05:37+00:00","breadcrumb":{"@id":"https:\/\/professionalsurfcoaching.pt\/contacts\/?lang=en#breadcrumb"},"inLanguage":"en-US","potentialAction":[{"@type":"ReadAction","target":["https:\/\/professionalsurfcoaching.pt\/contacts\/?lang=en"]}]},{"@type":"BreadcrumbList","@id":"https:\/\/professionalsurfcoaching.pt\/contacts\/?lang=en#breadcrumb","itemListElement":[{"@type":"ListItem","position":1,"name":"beginning","item":"https:\/\/professionalsurfcoaching.pt\/"},{"@type":"ListItem","position":2,"name":"Contacts"}]},{"@type":"WebSite","@id":"https:\/\/professionalsurfcoaching.pt\/#website","url":"https:\/\/professionalsurfcoaching.pt\/","name":"Professional Surf Coaching","description":"Peniche - Nazar\u00e9 - Portugal","publisher":{"@id":"https:\/\/professionalsurfcoaching.pt\/#organization"},"potentialAction":[{"@type":"SearchAction","target":{"@type":"EntryPoint","urlTemplate":"https:\/\/professionalsurfcoaching.pt\/?s={search_term_string}"},"query-input":"required name=search_term_string"}],"inLanguage":"en-US"},{"@type":"Organization","@id":"https:\/\/professionalsurfcoaching.pt\/#organization","name":"Surf Coaching - Peniche Nazare - Portugal","url":"https:\/\/professionalsurfcoaching.pt\/","logo":{"@type":"ImageObject","inLanguage":"en-US","@id":"https:\/\/professionalsurfcoaching.pt\/#\/schema\/logo\/image\/","url":"https:\/\/professionalsurfcoaching.pt\/wp-content\/uploads\/2019\/09\/logopsc.png","contentUrl":"https:\/\/professionalsurfcoaching.pt\/wp-content\/uploads\/2019\/09\/logopsc.png","width":76,"height":50,"caption":"Surf Coaching - Peniche Nazare - Portugal"},"image":{"@id":"https:\/\/professionalsurfcoaching.pt\/#\/schema\/logo\/image\/"},"sameAs":["https:\/\/www.facebook.com\/professionalsurfcoaching\/","https:\/\/www.youtube.com\/channel\/UCw4T_U7qDwR4moITU2VKhMA"]}]}},"_links":{"self":[{"href":"https:\/\/professionalsurfcoaching.pt\/en\/wp-json\/wp\/v2\/pages\/666"}],"collection":[{"href":"https:\/\/professionalsurfcoaching.pt\/en\/wp-json\/wp\/v2\/pages"}],"about":[{"href":"https:\/\/professionalsurfcoaching.pt\/en\/wp-json\/wp\/v2\/types\/page"}],"author":[{"embeddable":true,"href":"https:\/\/professionalsurfcoaching.pt\/en\/wp-json\/wp\/v2\/users\/1"}],"replies":[{"embeddable":true,"href":"https:\/\/professionalsurfcoaching.pt\/en\/wp-json\/wp\/v2\/comments?post=666"}],"version-history":[{"count":4,"href":"https:\/\/professionalsurfcoaching.pt\/en\/wp-json\/wp\/v2\/pages\/666\/revisions"}],"predecessor-version":[{"id":670,"href":"https:\/\/professionalsurfcoaching.pt\/en\/wp-json\/wp\/v2\/pages\/666\/revisions\/670"}],"wp:attachment":[{"href":"https:\/\/professionalsurfcoaching.pt\/en\/wp-json\/wp\/v2\/media?parent=666"}],"curies":[{"name":"wp","href":"https:\/\/api.w.org\/{rel}","templated":true}]}}